{"id":971,"date":"2024-06-18T11:38:39","date_gmt":"2024-06-18T15:38:39","guid":{"rendered":"https:\/\/somakdistribution.ca\/?page_id=971"},"modified":"2024-08-13T12:04:48","modified_gmt":"2024-08-13T16:04:48","slug":"a-propos","status":"publish","type":"page","link":"https:\/\/somakdistribution.ca\/fr\/a-propos\/","title":{"rendered":"\u00c0 propos"},"content":{"rendered":"\t\t<div data-elementor-type=\"wp-page\" data-elementor-id=\"971\" class=\"elementor elementor-971 elementor-548\">\n\t\t\t\t<div class=\"elementor-element elementor-element-576916f e-flex e-con-boxed wpr-particle-no wpr-jarallax-no wpr-parallax-no wpr-sticky-section-no e-con e-parent\" data-id=\"576916f\" data-element_type=\"container\" data-e-type=\"container\" data-settings=\"{&quot;background_background&quot;:&quot;classic&quot;}\">\n\t\t\t\t\t<div class=\"e-con-inner\">\n\t\t<div class=\"elementor-element elementor-element-9dbd73e e-con-full e-flex wpr-particle-no wpr-jarallax-no wpr-parallax-no wpr-sticky-section-no e-con e-child\" data-id=\"9dbd73e\" data-element_type=\"container\" data-e-type=\"container\">\n\t\t\t\t<div class=\"elementor-element elementor-element-b4ad8cf elementor-widget elementor-widget-heading\" data-id=\"b4ad8cf\" data-element_type=\"widget\" data-e-type=\"widget\" data-widget_type=\"heading.default\">\n\t\t\t\t<div class=\"elementor-widget-container\">\n\t\t\t\t\t<h1 class=\"elementor-heading-title elementor-size-default\">\u00c0 propos<\/h1>\t\t\t\t<\/div>\n\t\t\t\t<\/div>\n\t\t\t\t<\/div>\n\t\t\t\t\t<\/div>\n\t\t\t\t<\/div>\n\t\t<div class=\"elementor-element elementor-element-5898f86 e-flex e-con-boxed wpr-particle-no wpr-jarallax-no wpr-parallax-no wpr-sticky-section-no e-con e-parent\" data-id=\"5898f86\" data-element_type=\"container\" data-e-type=\"container\">\n\t\t\t\t\t<div class=\"e-con-inner\">\n\t\t<div class=\"elementor-element elementor-element-a471c7a e-con-full e-flex wpr-particle-no wpr-jarallax-no wpr-parallax-no wpr-sticky-section-no e-con e-child\" data-id=\"a471c7a\" data-element_type=\"container\" data-e-type=\"container\">\n\t\t\t\t<div class=\"elementor-element elementor-element-602b490 elementor-widget elementor-widget-heading\" data-id=\"602b490\" data-element_type=\"widget\" data-e-type=\"widget\" data-widget_type=\"heading.default\">\n\t\t\t\t<div class=\"elementor-widget-container\">\n\t\t\t\t\t<h2 class=\"elementor-heading-title elementor-size-default\">Somak, Les professionnels dans le domaine des soins esth\u00e9tiques au canada depuis les ann\u00e9es 60.<\/h2>\t\t\t\t<\/div>\n\t\t\t\t<\/div>\n\t\t\t\t<\/div>\n\t\t<div class=\"elementor-element elementor-element-3f51f8d e-con-full e-flex wpr-particle-no wpr-jarallax-no wpr-parallax-no wpr-sticky-section-no e-con e-child\" data-id=\"3f51f8d\" data-element_type=\"container\" data-e-type=\"container\">\n\t\t\t\t<div class=\"elementor-element elementor-element-310a9d8 elementor-widget elementor-widget-heading\" data-id=\"310a9d8\" data-element_type=\"widget\" data-e-type=\"widget\" data-widget_type=\"heading.default\">\n\t\t\t\t<div class=\"elementor-widget-container\">\n\t\t\t\t\t<h6 class=\"elementor-heading-title elementor-size-default\">CULTURE ET VISION<\/h6>\t\t\t\t<\/div>\n\t\t\t\t<\/div>\n\t\t\t\t<div class=\"elementor-element elementor-element-9bfd3ac elementor-widget elementor-widget-image-box\" data-id=\"9bfd3ac\" data-element_type=\"widget\" data-e-type=\"widget\" data-widget_type=\"image-box.default\">\n\t\t\t\t<div class=\"elementor-widget-container\">\n\t\t\t\t\t<div class=\"elementor-image-box-wrapper\"><div class=\"elementor-image-box-content\"><h5 class=\"elementor-image-box-title\">\u00c9volution constante avec de nouvelles technologies et formulations \u203a R\u00e9sultats visibles et professionnels d\u00e9vou\u00e9s \u203a Service complet, distribution compl\u00e8te de produits et programmes de communication \u203a Programmes d'incitation exclusifs pour les propri\u00e9taires et le personnel du spa \u203a Fid\u00e9lisation des consommateurs garantie par les meilleures marques et promotions incitatives \u203a Soutien strat\u00e9gique dans la gestion et la vente au d\u00e9tail<\/h5><p class=\"elementor-image-box-description\">Somak croit en la n\u00e9cessit\u00e9 de guider ses clients dans ce monde en constante \u00e9volution avec un soutien scientifique et commercial solide, n\u00e9cessaire au d\u00e9veloppement de leurs entreprises.\n\nSomak ne propose que des marques nobles, innovantes et de haute technologie afin d'assurer des performances exceptionnelles et la fid\u00e9lisation des consommateurs pour une client\u00e8le la plus avertie.\nSomak apporte \u00e0 ses clients des avantages concurrentiels clairs et distinctifs dans ce march\u00e9 cosm\u00e9tique en pleine croissance, principalement gr\u00e2ce \u00e0 ses r\u00e9sultats exceptionnels, ses programmes de promotion agressifs et ses programmes exclusifs d'incitation \u00e0 la croissance.\n\n\nSomak est toujours fier de vous offrir une \u00e9quipe tr\u00e8s passionn\u00e9e et amoureuse de sa client\u00e8le et de cette industrie.<\/p><\/div><\/div>\t\t\t\t<\/div>\n\t\t\t\t<\/div>\n\t\t\t\t<\/div>\n\t\t\t\t\t<\/div>\n\t\t\t\t<\/div>\n\t\t<div class=\"elementor-element elementor-element-a139260 e-grid e-con-full wpr-particle-no wpr-jarallax-no wpr-parallax-no wpr-sticky-section-no e-con e-parent\" data-id=\"a139260\" data-element_type=\"container\" data-e-type=\"container\" data-settings=\"{&quot;background_background&quot;:&quot;classic&quot;}\">\n\t\t<div class=\"elementor-element elementor-element-a5af56d e-con-full e-flex wpr-particle-no wpr-jarallax-no wpr-parallax-no wpr-sticky-section-no e-con e-child\" data-id=\"a5af56d\" data-element_type=\"container\" data-e-type=\"container\">\n\t\t\t\t<div class=\"elementor-element elementor-element-04d8e3d elementor-widget__width-inherit elementor-widget elementor-widget-heading\" data-id=\"04d8e3d\" data-element_type=\"widget\" data-e-type=\"widget\" data-widget_type=\"heading.default\">\n\t\t\t\t<div class=\"elementor-widget-container\">\n\t\t\t\t\t<h4 class=\"elementor-heading-title elementor-size-default\">Qu\u00e9bec<\/h4>\t\t\t\t<\/div>\n\t\t\t\t<\/div>\n\t\t\t\t<div class=\"elementor-element elementor-element-88ae1e4 elementor-widget elementor-widget-text-editor\" data-id=\"88ae1e4\" data-element_type=\"widget\" data-e-type=\"widget\" data-widget_type=\"text-editor.default\">\n\t\t\t\t<div class=\"elementor-widget-container\">\n\t\t\t\t\t\t\t\t\t<p>1200, ave Saint-Jean-Baptiste<br \/>suite #103<br \/>Quebec (Quebec) G2E 5E8 Canada<br \/>418 687-8080<br \/><a href=\"mailto:info@silhouettone.com\">info@silhouettone.com<\/a><\/p>\t\t\t\t\t\t\t\t<\/div>\n\t\t\t\t<\/div>\n\t\t\t\t<\/div>\n\t\t<div class=\"elementor-element elementor-element-70678ab e-con-full e-flex wpr-particle-no wpr-jarallax-no wpr-parallax-no wpr-sticky-section-no e-con e-child\" data-id=\"70678ab\" data-element_type=\"container\" data-e-type=\"container\">\n\t\t\t\t<div class=\"elementor-element elementor-element-37d7a1f elementor-widget__width-inherit elementor-widget elementor-widget-heading\" data-id=\"37d7a1f\" data-element_type=\"widget\" data-e-type=\"widget\" data-widget_type=\"heading.default\">\n\t\t\t\t<div class=\"elementor-widget-container\">\n\t\t\t\t\t<h4 class=\"elementor-heading-title elementor-size-default\">Si\u00e8ge social<\/h4>\t\t\t\t<\/div>\n\t\t\t\t<\/div>\n\t\t\t\t<div class=\"elementor-element elementor-element-e82204d elementor-widget elementor-widget-text-editor\" data-id=\"e82204d\" data-element_type=\"widget\" data-e-type=\"widget\" data-widget_type=\"text-editor.default\">\n\t\t\t\t<div class=\"elementor-widget-container\">\n\t\t\t\t\t\t\t\t\t<p>1985, Monterey street<br \/>Laval (Quebec) H7L 3T6 Canada<br \/>450 688-0123<br \/>1 800 361-3004<br \/><a href=\"mailto:info@silhouettone.com\">info@silhouettone.com<\/a><\/p>\t\t\t\t\t\t\t\t<\/div>\n\t\t\t\t<\/div>\n\t\t\t\t<\/div>\n\t\t<div class=\"elementor-element elementor-element-a46b078 e-con-full e-flex wpr-particle-no wpr-jarallax-no wpr-parallax-no wpr-sticky-section-no e-con e-child\" data-id=\"a46b078\" data-element_type=\"container\" data-e-type=\"container\">\n\t\t\t\t<div class=\"elementor-element elementor-element-7d65e28 elementor-widget__width-inherit elementor-widget elementor-widget-heading\" data-id=\"7d65e28\" data-element_type=\"widget\" data-e-type=\"widget\" data-widget_type=\"heading.default\">\n\t\t\t\t<div class=\"elementor-widget-container\">\n\t\t\t\t\t<h4 class=\"elementor-heading-title elementor-size-default\">Ontario<\/h4>\t\t\t\t<\/div>\n\t\t\t\t<\/div>\n\t\t\t\t<div class=\"elementor-element elementor-element-98a9d60 elementor-widget elementor-widget-text-editor\" data-id=\"98a9d60\" data-element_type=\"widget\" data-e-type=\"widget\" data-widget_type=\"text-editor.default\">\n\t\t\t\t<div class=\"elementor-widget-container\">\n\t\t\t\t\t\t\t\t\t<p>5080 Timberlea Blvd.<br \/>Mississauga (Ontario) L4W 4M2 Canada<br \/>905 593-2069<br \/>1 800 463-2710<br \/><a href=\"mailto:info@silhouettone.com\">info@silhouettone.com<\/a><\/p>\t\t\t\t\t\t\t\t<\/div>\n\t\t\t\t<\/div>\n\t\t\t\t<\/div>\n\t\t\t\t<\/div>\n\t\t\t\t<\/div>\n\t\t","protected":false},"excerpt":{"rendered":"<p>\u00c0 propos Somak, Les professionnels dans le domaine des soins esth\u00e9tiques au canada depuis les ann\u00e9es 60. CULTURE ET VISION \u00c9volution constante avec de nouvelles technologies et formulations \u203a R\u00e9sultats visibles et professionnels d\u00e9vou\u00e9s \u203a Service complet, distribution compl\u00e8te de produits et programmes de communication \u203a Programmes d&rsquo;incitation exclusifs pour les propri\u00e9taires et le personnel du spa \u203a Fid\u00e9lisation des consommateurs garantie par les meilleures marques et promotions incitatives \u203a Soutien strat\u00e9gique dans la gestion et la vente au d\u00e9tail Somak croit en la n\u00e9cessit\u00e9 de guider ses clients dans ce monde en constante \u00e9volution avec un soutien scientifique et commercial solide, n\u00e9cessaire au d\u00e9veloppement de leurs entreprises. Somak ne propose que des marques nobles, innovantes et de haute technologie afin d&rsquo;assurer des performances exceptionnelles et la fid\u00e9lisation des consommateurs pour une client\u00e8le la plus avertie. Somak apporte \u00e0 ses clients des avantages concurrentiels clairs et distinctifs dans ce march\u00e9 cosm\u00e9tique en pleine croissance, principalement gr\u00e2ce \u00e0 ses r\u00e9sultats exceptionnels, ses programmes de promotion agressifs et ses programmes exclusifs d&rsquo;incitation \u00e0 la croissance. Somak est toujours fier de vous offrir une \u00e9quipe tr\u00e8s passionn\u00e9e et amoureuse de sa client\u00e8le et de cette industrie. Qu\u00e9bec 1200, ave Saint-Jean-Baptistesuite #103Quebec (Quebec) G2E 5E8 Canada418 687-8080info@silhouettone.com Si\u00e8ge social 1985, Monterey streetLaval (Quebec) H7L 3T6 Canada450 688-01231 800 361-3004info@silhouettone.com Ontario 5080 Timberlea Blvd.Mississauga (Ontario) L4W 4M2 Canada905 593-20691 800 463-2710info@silhouettone.com<\/p>\n","protected":false},"author":1,"featured_media":0,"parent":0,"menu_order":3,"comment_status":"closed","ping_status":"closed","template":"","meta":{"site-sidebar-layout":"no-sidebar","site-content-layout":"","ast-site-content-layout":"full-width-container","site-content-style":"default","site-sidebar-style":"default","ast-global-header-display":"","ast-banner-title-visibility":"","ast-main-header-display":"","ast-hfb-above-header-display":"","ast-hfb-below-header-display":"","ast-hfb-mobile-header-display":"","site-post-title":"disabled","ast-breadcrumbs-content":"","ast-featured-img":"disabled","footer-sml-layout":"","ast-disable-related-posts":"","theme-transparent-header-meta":"enabled","adv-header-id-meta":"","stick-header-meta":"","header-above-stick-meta":"","header-main-stick-meta":"","header-below-stick-meta":"","astra-migrate-meta-layouts":"default","ast-page-background-enabled":"default","ast-page-background-meta":{"desktop":{"background-color":"var(--ast-global-color-4)","background-image":"","background-repeat":"repeat","background-position":"center center","background-size":"auto","background-attachment":"scroll","background-type":"","background-media":"","overlay-type":"","overlay-color":"","overlay-opacity":"","overlay-gradient":""},"tablet":{"background-color":"","background-image":"","background-repeat":"repeat","background-position":"center center","background-size":"auto","background-attachment":"scroll","background-type":"","background-media":"","overlay-type":"","overlay-color":"","overlay-opacity":"","overlay-gradient":""},"mobile":{"background-color":"","background-image":"","background-repeat":"repeat","background-position":"center center","background-size":"auto","background-attachment":"scroll","background-type":"","background-media":"","overlay-type":"","overlay-color":"","overlay-opacity":"","overlay-gradient":""}},"ast-content-background-meta":{"desktop":{"background-color":"var(--ast-global-color-5)","background-image":"","background-repeat":"repeat","background-position":"center center","background-size":"auto","background-attachment":"scroll","background-type":"","background-media":"","overlay-type":"","overlay-color":"","overlay-opacity":"","overlay-gradient":""},"tablet":{"background-color":"var(--ast-global-color-5)","background-image":"","background-repeat":"repeat","background-position":"center center","background-size":"auto","background-attachment":"scroll","background-type":"","background-media":"","overlay-type":"","overlay-color":"","overlay-opacity":"","overlay-gradient":""},"mobile":{"background-color":"var(--ast-global-color-5)","background-image":"","background-repeat":"repeat","background-position":"center center","background-size":"auto","background-attachment":"scroll","background-type":"","background-media":"","overlay-type":"","overlay-color":"","overlay-opacity":"","overlay-gradient":""}},"footnotes":""},"class_list":["post-971","page","type-page","status-publish","hentry"],"_links":{"self":[{"href":"https:\/\/somakdistribution.ca\/fr\/wp-json\/wp\/v2\/pages\/971","targetHints":{"allow":["GET"]}}],"collection":[{"href":"https:\/\/somakdistribution.ca\/fr\/wp-json\/wp\/v2\/pages"}],"about":[{"href":"https:\/\/somakdistribution.ca\/fr\/wp-json\/wp\/v2\/types\/page"}],"author":[{"embeddable":true,"href":"https:\/\/somakdistribution.ca\/fr\/wp-json\/wp\/v2\/users\/1"}],"replies":[{"embeddable":true,"href":"https:\/\/somakdistribution.ca\/fr\/wp-json\/wp\/v2\/comments?post=971"}],"version-history":[{"count":8,"href":"https:\/\/somakdistribution.ca\/fr\/wp-json\/wp\/v2\/pages\/971\/revisions"}],"predecessor-version":[{"id":1013,"href":"https:\/\/somakdistribution.ca\/fr\/wp-json\/wp\/v2\/pages\/971\/revisions\/1013"}],"wp:attachment":[{"href":"https:\/\/somakdistribution.ca\/fr\/wp-json\/wp\/v2\/media?parent=971"}],"curies":[{"name":"wp","href":"https:\/\/api.w.org\/{rel}","templated":true}]}}